{"id":442,"date":"2022-10-27T15:55:36","date_gmt":"2022-10-27T15:55:36","guid":{"rendered":"https:\/\/www.cingolanimeccanica.it\/privacy\/"},"modified":"2022-10-27T15:55:36","modified_gmt":"2022-10-27T15:55:36","slug":"privacy","status":"publish","type":"page","link":"https:\/\/www.cingolanimeccanica.it\/en\/privacy\/","title":{"rendered":"Privacy"},"content":{"rendered":"<p>[vc_row gap=&#8221;15&#8243;][vc_column width=&#8221;2\/3&#8243; css=&#8221;.vc_custom_1540823837167{padding-top: 30px !important;padding-right: 50px !important;padding-bottom: 30px !important;padding-left: 30px !important;background-color: rgba(255,255,255,0.87) !important;*background-color: rgb(255,255,255) !important;}&#8221;][vc_column_text]<\/p>\n<h3 class=\"entry-title\">INFORMATIVA SULLA PRIVACY \u2013 REGOLAMENTO EUROPEO 679\/2016<\/h3>\n<p>Desideriamo informarla che il \u201cRegolamento Europeo 2016\/679 relativo alla protezione delle persone fisiche con riguardo al Trattamento dei Dati Personali, nonch\u00e9 alla libera circolazione di tali dati\u201d (da ora in poi \u201cGDPR\u201d) prevede la tutela delle persone e di altri soggetti rispetto al trattamento dei dati personali.<\/p>\n<p>CINGOLANI MECCANICA s.r.l.\u00a0, in qualit\u00e0 di \u201cTitolare\u201d del trattamento, ai sensi dell\u2019art. 13 del GDPR, pertanto, Le fornisce le seguenti informazioni:<\/p>\n<ol>\n<li><strong>CATEGORIE DI DATI:\u00a0<\/strong> CINGOLANI MECCANICA s.r.l.\u00a0\u00a0tratter\u00e0 le seguenti tipologie di dati personali:\n<ol>\n<li><strong>Dati raccolti in automatico:<\/strong><br \/>\ni sistemi informatici alla base di questo sito web rilevano, nel corso del loro normale funzionamento, alcuni dati (la cui trasmissione \u00e8 implicita nell\u2019uso dei protocolli di comunicazione di Internet) potenzialmente associati ad utenti identificabili.<br \/>\nTra i dati raccolti, sono compresi gli indirizzi IP dei dispositivi utilizzati dagli utenti che si connettono al sito, gli indirizzi URI (Uniform Resource Identifier) delle risorse richieste, l\u2019orario della richiesta, il metodo utilizzato nel sottoporre la richiesta al server, la dimensione del file ottenuto in risposta, il codice numerico indicante lo stato della risposta data dal server (buon fine, errore, ecc.) ed altri parametri riguardanti il sistema operativo, il browser e l\u2019ambiente informatico utilizzato dall\u2019utente.<br \/>\nQuesti dati vengono trattati, per il tempo strettamente necessario, al solo fine di ricavare informazioni statistiche sull\u2019uso del sito e per controllarne il regolare funzionamento. Il conferimento di tali dati \u00e8 obbligatorio in quanto direttamente collegato all\u2019esperienza di navigazione web.<\/li>\n<li><strong>Dati forniti volontariamente dall\u2019utente.<\/strong><br \/>\nQuesti dati possono essere conferiti tramite l\u2019invio volontario ed esplicito di messaggi di posta elettronica agli indirizzi indicati nelle pagine di questo sito. Queste operazioni non comportano richiesta di consenso.<br \/>\nAl contrario, specifiche informative di sintesi saranno riportate o visualizzate nelle pagine del sito predisposte per particolari servizi a richiesta (form). L\u2019utente dovr\u00e0 pertanto acconsentire esplicitamente all\u2019utilizzo dei dati riportati in questi form per poter inviare la richiesta, che comporter\u00e0 la successiva acquisizione dell\u2019indirizzo e dei dati del mittente, necessari per rispondere alle comunicazioni inviate e\/o erogare il servizio richiesto.<\/li>\n<li><strong>Cookies.<\/strong><br \/>\nQuesto sito utilizza cookie. I dati raccolti grazie ai cookie possono servire per accedere a delle parti del sito o per fini statistici o per rendere l\u2019esperienza di navigazione pi\u00f9 piacevole e pi\u00f9 efficiente in futuro. Per maggiori informazioni \u00e8 disponibile una apposita\u00a0cookie policy.<\/li>\n<\/ol>\n<\/li>\n<li><strong>FONTE DEI DATI PERSONALI<\/strong>: I dati personali di cui CINGOLANI MECCANICA s.r.l.\u00a0\u00a0sar\u00e0 in possesso sono raccolti direttamente dall\u2019interessato all\u2019atto della compilazione del form dei contatti \/ invio mail.<\/li>\n<li><strong>DATI DI CONTATTO DEL D.P.O.<\/strong>: ai sensi dell\u2019art. 37, primo paragrafo, del GDPR, CINGOLANI MECCANICA s.r.l.\u00a0non \u00e8 obbligata ad istituire un D.P.O.<\/li>\n<li><strong>TITOLARE DEL TRATTAMENTO<\/strong>: Il titolare del trattamento \u00e8 CINGOLANI MECCANICA s.r.l. Via Carrara, 34 60010 BARBARA (AN) Tel. 071 9674207 &#8211; Fax 071 9675944 info@cingolanimeccanica.com<\/li>\n<li><strong>FINALIT\u00c0 DI TRATTAMENTO DEI DATI E BASE GIURIDICA<\/strong>: Il trattamento dei Suoi dati, ha come base giuridica il suo consenso ed \u00e8 effettuato per le seguenti finalit\u00e0:\n<ol>\n<li>Migliorare l\u2019esperienza di navigazione web;<\/li>\n<li>inviare comunicazioni di tipo formativo, informativo e commerciale, in risposta alle specifiche richieste inviate via mail \/ form;<\/li>\n<li>procedere con l\u2019iscrizione alla newsletter (in prsenza di esplicito consenso);<\/li>\n<li>Valutare il comportamento degli utenti e modificare la proposizione di offerta dei contenuti in funzione del loro comportamento (cookie).<\/li>\n<\/ol>\n<\/li>\n<li><strong>DESTINATARI DEI DATI<\/strong>: Nei limiti pertinenti alle finalit\u00e0 di trattamento indicate, i Suoi dati potranno essere comunicati a partner, societ\u00e0 di consulenza, aziende private, nominati Responsabili dal Titolare del Trattamento. I Suoi dati non saranno in alcun modo oggetto di diffusione. I Responsabili e gli Incaricati del trattamento in carica sono indicati nel Documento sulla Privacy, aggiornato con cadenza periodica.<\/li>\n<li><strong>TRASFERIMENTO DEI DATI ALL\u2019ESTERO<\/strong>: i dati raccolti non saranno oggetto di trasferimento all\u2019estero.<\/li>\n<li><strong>PERIODO DI CONSERVAZIONE<\/strong>: I dati raccolti verranno conservati per un arco di tempo non superiore al conseguimento delle finalit\u00e0 per le quali sono trattati (\u201cprincipio di limitazione della conservazione\u201d, art.5, GDPR) o in base alle scadenze previste dalle norme di legge. La verifica sulla obsolescenza dei dati conservati in relazione alle finalit\u00e0 per cui sono stati raccolti viene effettuata periodicamente.<\/li>\n<li><strong>DIRITTI DELL\u2019INTERESSATO:<\/strong>\u00a0L\u2019interessato ha sempre diritto a richiedere al Titolare l\u2019accesso ai Suoi dati, la rettifica o la cancellazione degli stessi, la limitazione del trattamento o la possibilit\u00e0 di opporsi al trattamento, di richiedere la portabilit\u00e0 dei dati, di revocare il consenso al trattamento facendo valere questi e gli altri diritti previsti dal GDPR tramite semplice comunicazione al Titolare. L\u2018interessato pu\u00f2 proporre reclamo anche a un\u2019autorit\u00e0 di controllo.<\/li>\n<li><strong>OBBLIGATORIET\u00c0 O MENO DEL CONFERIMENTO DATI:<\/strong>\u00a0La informiamo che il conferimento dei dati \u00e8 per alcuni campi facoltativo e per altri (segnalati da un asterisco) obbligatorio e il mancato conferimento dei dati obbligatori non permette l\u2019invio del form.<\/li>\n<li><strong>OBBLIGATORIET\u00c0 DEL CONSENSO:<\/strong>\u00a0La prestazione del consenso al trattamento dati tramite apposita spunta \u00e8 facoltativa, ma indispensabile per procedere con l\u2019invio del form.<\/li>\n<li><strong>MODALIT\u00c0 DI TRATTAMENTO DEI DATI:<\/strong>\u00a0I dati personali da Lei forniti, formeranno oggetto di operazioni di trattamento nel rispetto della normativa sopracitata e degli obblighi di riservatezza cui \u00e8 ispirata l\u2019attivit\u00e0 del Titolare. I dati verranno trattati sia con strumenti informatici sia su supporti cartacei sia su ogni altro tipo di supporto idoneo, nel rispetto di adeguate misure tecniche ed organizzative di sicurezza previste dal GDPR.<\/li>\n<\/ol>\n<p>[\/vc_column_text][\/vc_column][vc_column width=&#8221;1\/3&#8243; css=&#8221;.vc_custom_1540823958733{padding-top: 30px !important;padding-right: 30px !important;padding-bottom: 30px !important;padding-left: 30px !important;background-color: #ffffff !important;}&#8221;][vc_column_text]<strong>Informativa privacy su operativit\u00e0 dei cookies \u2013 Art. 13 Codice della privacy<\/strong><\/p>\n<p><strong>Cosa sono i cookie?<\/strong><br \/>\nI cookie sono piccoli file di testo che servono per memorizzare informazioni sulla navigazione. I cookie sono usati per differenti finalit\u00e0: esecuzione di autenticazioni informatiche, monitoraggio di sessioni, memorizzazione di informazioni su specifiche configurazioni riguardanti gli utenti che accedono al server, memorizzazione delle preferenze, ecc. Sono di 2 tipi:<\/p>\n<ol>\n<li>cookie tecnici di sessione: memorizzano informazioni sulla navigazione nei siti visitati dagli utenti inviano ai loro terminali, ove vengono memorizzati per essere poi ritrasmessi agli stessi siti alla visita successiva. Posso essere anche di \u201cterze parti\u201d, ossia vengono impostati da un sito web diverso da quello che l\u2019utente sta visitando. Questo perch\u00e9 su ogni sito possono essere presenti elementi (immagini, mappe, suoni, specifici link a pagine web di altri domini, ecc.) che risiedono su server diversi da quello del sito visitato.<\/li>\n<li>cookie di profilazione: vengono utilizzati per tracciare la navigazione dell\u2019utente in rete e creare profili sui suoi gusti, abitudini, scelte, ecc. Con questi cookie possono essere trasmessi al terminale dell\u2019utente messaggi pubblicitari in linea con le preferenze gi\u00e0 manifestate dallo stesso utente nella navigazione online.<\/li>\n<\/ol>\n<p><strong>Finalit\u00e0 del trattamento e scopi dei cookies tecnici di sessione.<\/strong><br \/>\nNel nostro sito vengono utilizzati cookie tecnici che servono a effettuare la navigazione o a fornire un servizio richiesto dall\u2019utente. Non vengono utilizzati per scopi ulteriori.[\/vc_column_text][\/vc_column][\/vc_row]<\/p>\n","protected":false},"excerpt":{"rendered":"<p>[vc_row gap=&#8221;15&#8243;][vc_column width=&#8221;2\/3&#8243; css=&#8221;.vc_custom_1540823837167{padding-top: 30px !important;padding-right: 50px !important;padding-bottom: 30px !important;padding-left: 30px !important;background-color: rgba(255,255,255,0.87) !important;*background-color: rgb(255,255,255) !important;}&#8221;][vc_column_text] INFORMATIVA SULLA PRIVACY \u2013 REGOLAMENTO EUROPEO 679\/2016 Desideriamo informarla che il \u201cRegolamento Europeo 2016\/679 relativo alla protezione delle persone fisiche con riguardo al Trattamento dei Dati Personali, nonch\u00e9 alla libera circolazione di tali dati\u201d (da ora in poi \u201cGDPR\u201d) <a href=\"https:\/\/www.cingolanimeccanica.it\/en\/privacy\/\" rel=\"nofollow\"><span class=\"sr-only\">Read more about Privacy<\/span>[&hellip;]<\/a><\/p>\n","protected":false},"author":1,"featured_media":0,"parent":0,"menu_order":0,"comment_status":"closed","ping_status":"closed","template":"","meta":{"_acf_changed":false,"footnotes":""},"class_list":["post-442","page","type-page","status-publish","hentry"],"acf":[],"_links":{"self":[{"href":"https:\/\/www.cingolanimeccanica.it\/en\/wp-json\/wp\/v2\/pages\/442"}],"collection":[{"href":"https:\/\/www.cingolanimeccanica.it\/en\/wp-json\/wp\/v2\/pages"}],"about":[{"href":"https:\/\/www.cingolanimeccanica.it\/en\/wp-json\/wp\/v2\/types\/page"}],"author":[{"embeddable":true,"href":"https:\/\/www.cingolanimeccanica.it\/en\/wp-json\/wp\/v2\/users\/1"}],"replies":[{"embeddable":true,"href":"https:\/\/www.cingolanimeccanica.it\/en\/wp-json\/wp\/v2\/comments?post=442"}],"version-history":[{"count":2,"href":"https:\/\/www.cingolanimeccanica.it\/en\/wp-json\/wp\/v2\/pages\/442\/revisions"}],"predecessor-version":[{"id":444,"href":"https:\/\/www.cingolanimeccanica.it\/en\/wp-json\/wp\/v2\/pages\/442\/revisions\/444"}],"wp:attachment":[{"href":"https:\/\/www.cingolanimeccanica.it\/en\/wp-json\/wp\/v2\/media?parent=442"}],"curies":[{"name":"wp","href":"https:\/\/api.w.org\/{rel}","templated":true}]}}